{"id":2365,"date":"2022-03-14T21:05:34","date_gmt":"2022-03-14T21:05:34","guid":{"rendered":"https:\/\/suntrails.proyectoscoralcr.com\/?page_id=2365"},"modified":"2022-03-31T18:24:07","modified_gmt":"2022-03-31T18:24:07","slug":"isla-tortuga","status":"publish","type":"page","link":"https:\/\/suntrails.proyectoscoralcr.com\/es\/isla-tortuga\/","title":{"rendered":"Isla Tortuga"},"content":{"rendered":"\t\t<div data-elementor-type=\"wp-page\" data-elementor-id=\"2365\" class=\"elementor elementor-2365\" data-elementor-settings=\"[]\">\n\t\t\t\t\t\t\t<div class=\"elementor-section-wrap\">\n\t\t\t\t\t\t\t<section class=\"elementor-section elementor-top-section elementor-element elementor-element-612f707 elementor-section-full_width elementor-section-stretched elementor-section-height-min-height elementor-section-items-top elementor-section-height-default\" data-id=\"612f707\" data-element_type=\"section\" data-settings=\"{&quot;stretch_section&quot;:&quot;section-stretched&quot;,&quot;background_background&quot;:&quot;classic&quot;}\">\n\t\t\t\t\t\t<div class=\"elementor-container elementor-column-gap-no\">\n\t\t\t\t\t<div class=\"elementor-column elementor-col-100 elementor-top-column elementor-element elementor-element-5d55ee2\" data-id=\"5d55ee2\" data-element_type=\"column\">\n\t\t\t<div class=\"elementor-widget-wrap\">\n\t\t\t\t\t\t\t\t\t<\/div>\n\t\t<\/div>\n\t\t\t\t\t\t\t<\/div>\n\t\t<\/section>\n\t\t\t\t<section class=\"elementor-section elementor-top-section elementor-element elementor-element-8d6b781 elementor-section-full_width elementor-section-stretched elementor-section-height-default elementor-section-height-default\" data-id=\"8d6b781\" data-element_type=\"section\" data-settings=\"{&quot;stretch_section&quot;:&quot;section-stretched&quot;}\">\n\t\t\t\t\t\t<div class=\"elementor-container elementor-column-gap-default\">\n\t\t\t\t\t<div class=\"elementor-column elementor-col-100 elementor-top-column elementor-element elementor-element-5c1553d\" data-id=\"5c1553d\" data-element_type=\"column\">\n\t\t\t<div class=\"elementor-widget-wrap elementor-element-populated\">\n\t\t\t\t\t\t\t\t<div class=\"elementor-element elementor-element-41902d5 elementor-view-default elementor-position-top elementor-vertical-align-top elementor-widget elementor-widget-icon-box\" data-id=\"41902d5\" data-element_type=\"widget\" data-widget_type=\"icon-box.default\">\n\t\t\t\t<div class=\"elementor-widget-container\">\n\t\t\t<style>\/*! elementor - v3.4.8 - 16-11-2021 *\/\n@media (min-width:768px){.elementor-widget-icon-box.elementor-position-left .elementor-icon-box-wrapper,.elementor-widget-icon-box.elementor-position-right .elementor-icon-box-wrapper{display:-webkit-box;display:-ms-flexbox;display:flex}.elementor-widget-icon-box.elementor-position-left .elementor-icon-box-icon,.elementor-widget-icon-box.elementor-position-right .elementor-icon-box-icon{display:-webkit-inline-box;display:-ms-inline-flexbox;display:inline-flex;-webkit-box-flex:0;-ms-flex:0 0 auto;flex:0 0 auto}.elementor-widget-icon-box.elementor-position-right .elementor-icon-box-wrapper{text-align:right;-webkit-box-orient:horizontal;-webkit-box-direction:reverse;-ms-flex-direction:row-reverse;flex-direction:row-reverse}.elementor-widget-icon-box.elementor-position-left .elementor-icon-box-wrapper{text-align:left;-webkit-box-orient:horizontal;-webkit-box-direction:normal;-ms-flex-direction:row;flex-direction:row}.elementor-widget-icon-box.elementor-position-top .elementor-icon-box-img{margin:auto}.elementor-widget-icon-box.elementor-vertical-align-top .elementor-icon-box-wrapper{-webkit-box-align:start;-ms-flex-align:start;align-items:flex-start}.elementor-widget-icon-box.elementor-vertical-align-middle .elementor-icon-box-wrapper{-webkit-box-align:center;-ms-flex-align:center;align-items:center}.elementor-widget-icon-box.elementor-vertical-align-bottom .elementor-icon-box-wrapper{-webkit-box-align:end;-ms-flex-align:end;align-items:flex-end}}@media (max-width:767px){.elementor-widget-icon-box .elementor-icon-box-icon{margin-left:auto!important;margin-right:auto!important;margin-bottom:15px}}.elementor-widget-icon-box .elementor-icon-box-wrapper{text-align:center}.elementor-widget-icon-box .elementor-icon-box-title a{color:inherit}.elementor-widget-icon-box .elementor-icon-box-content{-webkit-box-flex:1;-ms-flex-positive:1;flex-grow:1}.elementor-widget-icon-box .elementor-icon-box-description{margin:0}<\/style>\t\t<div class=\"elementor-icon-box-wrapper\">\n\t\t\t\t\t\t<div class=\"elementor-icon-box-icon\">\n\t\t\t\t<span class=\"elementor-icon elementor-animation-\" >\n\t\t\t\t<svg xmlns=\"http:\/\/www.w3.org\/2000\/svg\" id=\"Capa_1\" data-name=\"Capa 1\" viewBox=\"0 0 87.58 91.85\"><defs><style>.cls-1,.cls-2,.cls-3,.cls-4{fill:none;stroke:#0f21a8;stroke-width:4.27px;}.cls-1,.cls-4{stroke-linejoin:round;}.cls-2,.cls-4{stroke-linecap:round;}.cls-2,.cls-3{stroke-miterlimit:10;}<\/style><\/defs><path class=\"cls-1\" d=\"M68.5,51.79A12.82,12.82,0,0,0,81.32,39V19.75a6.41,6.41,0,0,0-6.41-6.41H25.78a6.4,6.4,0,0,0-6.4,6.41V39A12.81,12.81,0,0,0,32.19,51.79Z\" transform=\"translate(-6.56 -2.66)\"><\/path><line class=\"cls-2\" x1=\"32.04\" y1=\"10.68\" x2=\"32.04\" y2=\"55.54\"><\/line><line class=\"cls-2\" x1=\"55.54\" y1=\"10.68\" x2=\"55.54\" y2=\"55.54\"><\/line><line class=\"cls-3\" x1=\"38.45\" y1=\"49.13\" x2=\"49.13\" y2=\"49.13\"><\/line><polyline class=\"cls-4\" points=\"14.95 53.4 14.95 89.71 72.62 89.71 72.62 44.86\"><\/polyline><path class=\"cls-2\" d=\"M34.33,92.37V75.28a6.41,6.41,0,0,1,6.41-6.41H60a6.41,6.41,0,0,1,6.41,6.41V92.37\" transform=\"translate(-6.56 -2.66)\"><\/path><polyline class=\"cls-4\" points=\"36.31 79.03 36.31 74.76 51.26 74.76\"><\/polyline><path class=\"cls-1\" d=\"M21.51,64.6H15.1A6.4,6.4,0,0,0,8.7,71v4.27H19.38\" transform=\"translate(-6.56 -2.66)\"><\/path><path class=\"cls-1\" d=\"M10.83,75.28V86a6.41,6.41,0,0,0,6.41,6.41h4.27\" transform=\"translate(-6.56 -2.66)\"><\/path><path class=\"cls-1\" d=\"M79.18,64.6h6.41A6.41,6.41,0,0,1,92,71v4.27H81.32\" transform=\"translate(-6.56 -2.66)\"><\/path><path class=\"cls-1\" d=\"M89.86,75.28V86a6.4,6.4,0,0,1-6.4,6.41H79.18\" transform=\"translate(-6.56 -2.66)\"><\/path><polyline class=\"cls-1\" points=\"12.82 17.09 4.27 17.09 4.27 36.31 12.82 36.31\"><\/polyline><polyline class=\"cls-1\" points=\"74.76 36.31 83.3 36.31 83.3 17.09 74.76 17.09\"><\/polyline><path class=\"cls-2\" d=\"M42.87,13.34v-1a7.51,7.51,0,0,1,7.51-7.51h0a7.45,7.45,0,0,1,7.44,7.45v1.1\" transform=\"translate(-6.56 -2.66)\"><\/path><\/svg>\t\t\t\t<\/span>\n\t\t\t<\/div>\n\t\t\t\t\t\t<div class=\"elementor-icon-box-content\">\n\t\t\t\t<h1 class=\"elementor-icon-box-title\">\n\t\t\t\t\t<span  >\n\t\t\t\t\t\tIsla Tortuga\t\t\t\t\t<\/span>\n\t\t\t\t<\/h1>\n\t\t\t\t\t\t\t<\/div>\n\t\t<\/div>\n\t\t\t\t<\/div>\n\t\t\t\t<\/div>\n\t\t\t\t<div class=\"elementor-element elementor-element-684dced elementor-widget-divider--view-line elementor-widget elementor-widget-divider\" data-id=\"684dced\" data-element_type=\"widget\" data-widget_type=\"divider.default\">\n\t\t\t\t<div class=\"elementor-widget-container\">\n\t\t\t<style>\/*! elementor - v3.4.8 - 16-11-2021 *\/\n.elementor-widget-divider{--divider-border-style:none;--divider-border-width:1px;--divider-color:#2c2c2c;--divider-icon-size:20px;--divider-element-spacing:10px;--divider-pattern-height:24px;--divider-pattern-size:20px;--divider-pattern-url:none;--divider-pattern-repeat:repeat-x}.elementor-widget-divider .elementor-divider{display:-webkit-box;display:-ms-flexbox;display:flex}.elementor-widget-divider .elementor-divider__text{font-size:15px;line-height:1;max-width:95%}.elementor-widget-divider .elementor-divider__element{margin:0 var(--divider-element-spacing);-ms-flex-negative:0;flex-shrink:0}.elementor-widget-divider .elementor-icon{font-size:var(--divider-icon-size)}.elementor-widget-divider .elementor-divider-separator{display:-webkit-box;display:-ms-flexbox;display:flex;margin:0;direction:ltr}.elementor-widget-divider--view-line_icon .elementor-divider-separator,.elementor-widget-divider--view-line_text .elementor-divider-separator{-webkit-box-align:center;-ms-flex-align:center;align-items:center}.elementor-widget-divider--view-line_icon .elementor-divider-separator:after,.elementor-widget-divider--view-line_icon .elementor-divider-separator:before,.elementor-widget-divider--view-line_text .elementor-divider-separator:after,.elementor-widget-divider--view-line_text .elementor-divider-separator:before{display:block;content:\"\";border-bottom:0;-webkit-box-flex:1;-ms-flex-positive:1;flex-grow:1;border-top:var(--divider-border-width) var(--divider-border-style) var(--divider-color)}.elementor-widget-divider--element-align-left .elementor-divider .elementor-divider-separator>.elementor-divider__svg:first-of-type{-webkit-box-flex:0;-ms-flex-positive:0;flex-grow:0;-ms-flex-negative:100;flex-shrink:100}.elementor-widget-divider--element-align-left .elementor-divider-separator:before{content:none}.elementor-widget-divider--element-align-left .elementor-divider__element{margin-left:0}.elementor-widget-divider--element-align-right .elementor-divider .elementor-divider-separator>.elementor-divider__svg:last-of-type{-webkit-box-flex:0;-ms-flex-positive:0;flex-grow:0;-ms-flex-negative:100;flex-shrink:100}.elementor-widget-divider--element-align-right .elementor-divider-separator:after{content:none}.elementor-widget-divider--element-align-right .elementor-divider__element{margin-right:0}.elementor-widget-divider:not(.elementor-widget-divider--view-line_text):not(.elementor-widget-divider--view-line_icon) .elementor-divider-separator{border-top:var(--divider-border-width) var(--divider-border-style) var(--divider-color)}.elementor-widget-divider--separator-type-pattern{--divider-border-style:none}.elementor-widget-divider--separator-type-pattern.elementor-widget-divider--view-line .elementor-divider-separator,.elementor-widget-divider--separator-type-pattern:not(.elementor-widget-divider--view-line) .elementor-divider-separator:after,.elementor-widget-divider--separator-type-pattern:not(.elementor-widget-divider--view-line) .elementor-divider-separator:before,.elementor-widget-divider--separator-type-pattern:not([class*=elementor-widget-divider--view]) .elementor-divider-separator{width:100%;min-height:var(--divider-pattern-height);-webkit-mask-size:var(--divider-pattern-size) 100%;mask-size:var(--divider-pattern-size) 100%;-webkit-mask-repeat:var(--divider-pattern-repeat);mask-repeat:var(--divider-pattern-repeat);background-color:var(--divider-color);-webkit-mask-image:var(--divider-pattern-url);mask-image:var(--divider-pattern-url)}.elementor-widget-divider--no-spacing{--divider-pattern-size:auto}.elementor-widget-divider--bg-round{--divider-pattern-repeat:round}.rtl .elementor-widget-divider .elementor-divider__text{direction:rtl}<\/style>\t\t<div class=\"elementor-divider\">\n\t\t\t<span class=\"elementor-divider-separator\">\n\t\t\t\t\t\t<\/span>\n\t\t<\/div>\n\t\t\t\t<\/div>\n\t\t\t\t<\/div>\n\t\t\t\t\t<\/div>\n\t\t<\/div>\n\t\t\t\t\t\t\t<\/div>\n\t\t<\/section>\n\t\t\t\t<section class=\"elementor-section elementor-top-section elementor-element elementor-element-1493d19 elementor-section-stretched elementor-section-boxed elementor-section-height-default elementor-section-height-default elementor-invisible\" data-id=\"1493d19\" data-element_type=\"section\" data-settings=\"{&quot;stretch_section&quot;:&quot;section-stretched&quot;,&quot;animation&quot;:&quot;fadeInUp&quot;}\">\n\t\t\t\t\t\t\t<div class=\"elementor-background-overlay\"><\/div>\n\t\t\t\t\t\t\t<div class=\"elementor-container elementor-column-gap-default\">\n\t\t\t\t\t<div class=\"elementor-column elementor-col-50 elementor-top-column elementor-element elementor-element-b3070e6\" data-id=\"b3070e6\" data-element_type=\"column\">\n\t\t\t<div class=\"elementor-widget-wrap elementor-element-populated\">\n\t\t\t\t\t\t\t\t<div class=\"elementor-element elementor-element-8cf5496 elementor-widget elementor-widget-text-editor\" data-id=\"8cf5496\" data-element_type=\"widget\" data-widget_type=\"text-editor.default\">\n\t\t\t\t<div class=\"elementor-widget-container\">\n\t\t\t<style>\/*! elementor - v3.4.8 - 16-11-2021 *\/\n.elementor-widget-text-editor.elementor-drop-cap-view-stacked .elementor-drop-cap{background-color:#818a91;color:#fff}.elementor-widget-text-editor.elementor-drop-cap-view-framed .elementor-drop-cap{color:#818a91;border:3px solid;background-color:transparent}.elementor-widget-text-editor:not(.elementor-drop-cap-view-default) .elementor-drop-cap{margin-top:8px}.elementor-widget-text-editor:not(.elementor-drop-cap-view-default) .elementor-drop-cap-letter{width:1em;height:1em}.elementor-widget-text-editor .elementor-drop-cap{float:left;text-align:center;line-height:1;font-size:50px}.elementor-widget-text-editor .elementor-drop-cap-letter{display:inline-block}<\/style>\t\t\t\t<p><strong>La isla m\u00e1s hermosa de Costa Rica.<\/strong><\/p><p>Isla Tortuga est\u00e1 ubicada en el Golfo de Nicoya frente a la Reserva de Vida Silvestre Curu. Para llegar aqu\u00ed, se realiza un impresionante viaje en barco que parte de Tambor, despu\u00e9s de que cada persona haya sido recogida en su hotel.<\/p><p>El viaje en bote dura alrededor de 30 minutos, y cuando lleguemos a Isla Tortuga prepararemos una deliciosa parrillada en la playa. Puedes elegir entre pescado, pollo, papas y frutas. Tambi\u00e9n puedes tomar una refrescante cerveza o agua.<\/p><p>Los turistas tendr\u00e1n una hora para practicar esn\u00f3rquel y disfrutar de la fauna marina de la isla. Si lo prefieres, puedes realizar otras actividades que no est\u00e1n incluidas en el tour, como paseos en banana boat, paseos en moto de agua, juegos en la playa, tomar el sol en camastros, caminatas, etc.<\/p>\t\t\t\t\t\t<\/div>\n\t\t\t\t<\/div>\n\t\t\t\t<div class=\"elementor-element elementor-element-6a84f84 elementor-align-center elementor-widget elementor-widget-button\" data-id=\"6a84f84\" data-element_type=\"widget\" data-widget_type=\"button.default\">\n\t\t\t\t<div class=\"elementor-widget-container\">\n\t\t\t\t\t<div class=\"elementor-button-wrapper\">\n\t\t\t<a href=\"https:\/\/reservations.orbebooking.com\/Search\/GuestServices\/IXr8c\/33147\/es\" target=\"_blank\" class=\"elementor-button-link elementor-button elementor-size-sm\" role=\"button\">\n\t\t\t\t\t\t<span class=\"elementor-button-content-wrapper\">\n\t\t\t\t\t\t<span class=\"elementor-button-text\">RESERVAR<\/span>\n\t\t<\/span>\n\t\t\t\t\t<\/a>\n\t\t<\/div>\n\t\t\t\t<\/div>\n\t\t\t\t<\/div>\n\t\t\t\t\t<\/div>\n\t\t<\/div>\n\t\t\t\t<div class=\"elementor-column elementor-col-50 elementor-top-column elementor-element elementor-element-e77d693\" data-id=\"e77d693\" data-element_type=\"column\" data-settings=\"{&quot;background_background&quot;:&quot;classic&quot;}\">\n\t\t\t<div class=\"elementor-widget-wrap\">\n\t\t\t\t\t\t\t\t\t<\/div>\n\t\t<\/div>\n\t\t\t\t\t\t\t<\/div>\n\t\t<\/section>\n\t\t\t\t<section class=\"elementor-section elementor-top-section elementor-element elementor-element-c00cd6b elementor-section-stretched elementor-section-boxed elementor-section-height-default elementor-section-height-default elementor-invisible\" data-id=\"c00cd6b\" data-element_type=\"section\" data-settings=\"{&quot;stretch_section&quot;:&quot;section-stretched&quot;,&quot;background_background&quot;:&quot;classic&quot;,&quot;animation&quot;:&quot;fadeInUp&quot;}\">\n\t\t\t\t\t\t\t<div class=\"elementor-background-overlay\"><\/div>\n\t\t\t\t\t\t\t<div class=\"elementor-container elementor-column-gap-default\">\n\t\t\t\t\t<div class=\"elementor-column elementor-col-100 elementor-top-column elementor-element elementor-element-6d52689\" data-id=\"6d52689\" data-element_type=\"column\">\n\t\t\t<div class=\"elementor-widget-wrap elementor-element-populated\">\n\t\t\t\t\t\t\t\t<section class=\"elementor-section elementor-inner-section elementor-element elementor-element-7244a47 elementor-section-boxed elementor-section-height-default elementor-section-height-default\" data-id=\"7244a47\" data-element_type=\"section\">\n\t\t\t\t\t\t<div class=\"elementor-container elementor-column-gap-default\">\n\t\t\t\t\t<div class=\"elementor-column elementor-col-33 elementor-inner-column elementor-element elementor-element-b433ea9 elementor-invisible\" data-id=\"b433ea9\" data-element_type=\"column\" data-settings=\"{&quot;animation&quot;:&quot;fadeInUp&quot;,&quot;animation_delay&quot;:100}\">\n\t\t\t<div class=\"elementor-widget-wrap elementor-element-populated\">\n\t\t\t\t\t\t\t\t<div class=\"elementor-element elementor-element-7df1bb4 elementor-view-default elementor-position-top elementor-vertical-align-top elementor-widget elementor-widget-icon-box\" data-id=\"7df1bb4\" data-element_type=\"widget\" data-widget_type=\"icon-box.default\">\n\t\t\t\t<div class=\"elementor-widget-container\">\n\t\t\t\t\t<div class=\"elementor-icon-box-wrapper\">\n\t\t\t\t\t\t<div class=\"elementor-icon-box-icon\">\n\t\t\t\t<span class=\"elementor-icon elementor-animation-\" >\n\t\t\t\t<svg aria-hidden=\"true\" class=\"e-font-icon-svg\"><use xlink:href=\"#far-clock\" \/><\/svg>\t\t\t\t<\/span>\n\t\t\t<\/div>\n\t\t\t\t\t\t<div class=\"elementor-icon-box-content\">\n\t\t\t\t<h3 class=\"elementor-icon-box-title\">\n\t\t\t\t\t<span  >\n\t\t\t\t\t\tHorario\t\t\t\t\t<\/span>\n\t\t\t\t<\/h3>\n\t\t\t\t\t\t\t\t\t<p class=\"elementor-icon-box-description\">\n\t\t\t\t\t\t8:00 a.m. - Salida desde Santa Teresa\n\n9:00 a.m. - Salida desde Montezuma\t\t\t\t\t<\/p>\n\t\t\t\t\t\t\t<\/div>\n\t\t<\/div>\n\t\t\t\t<\/div>\n\t\t\t\t<\/div>\n\t\t\t\t\t<\/div>\n\t\t<\/div>\n\t\t\t\t<div class=\"elementor-column elementor-col-33 elementor-inner-column elementor-element elementor-element-ac269fc elementor-invisible\" data-id=\"ac269fc\" data-element_type=\"column\" data-settings=\"{&quot;animation&quot;:&quot;fadeInUp&quot;,&quot;animation_delay&quot;:200}\">\n\t\t\t<div class=\"elementor-widget-wrap elementor-element-populated\">\n\t\t\t\t\t\t\t\t<div class=\"elementor-element elementor-element-f67f5c7 elementor-view-default elementor-position-top elementor-vertical-align-top elementor-widget elementor-widget-icon-box\" data-id=\"f67f5c7\" data-element_type=\"widget\" data-widget_type=\"icon-box.default\">\n\t\t\t\t<div class=\"elementor-widget-container\">\n\t\t\t\t\t<div class=\"elementor-icon-box-wrapper\">\n\t\t\t\t\t\t<div class=\"elementor-icon-box-icon\">\n\t\t\t\t<span class=\"elementor-icon elementor-animation-\" >\n\t\t\t\t<svg aria-hidden=\"true\" class=\"e-font-icon-svg\"><use xlink:href=\"#fas-file-signature\" \/><\/svg>\t\t\t\t<\/span>\n\t\t\t<\/div>\n\t\t\t\t\t\t<div class=\"elementor-icon-box-content\">\n\t\t\t\t<h3 class=\"elementor-icon-box-title\">\n\t\t\t\t\t<span  >\n\t\t\t\t\t\tRecomendaciones\t\t\t\t\t<\/span>\n\t\t\t\t<\/h3>\n\t\t\t\t\t\t\t\t\t<p class=\"elementor-icon-box-description\">\n\t\t\t\t\t\tTraje de ba\u00f1o, Bloqueador solar,<br> Lentes de sol, Sandalias.\n\t\t\t\t\t<\/p>\n\t\t\t\t\t\t\t<\/div>\n\t\t<\/div>\n\t\t\t\t<\/div>\n\t\t\t\t<\/div>\n\t\t\t\t\t<\/div>\n\t\t<\/div>\n\t\t\t\t<div class=\"elementor-column elementor-col-33 elementor-inner-column elementor-element elementor-element-7a15637 elementor-invisible\" data-id=\"7a15637\" data-element_type=\"column\" data-settings=\"{&quot;animation&quot;:&quot;fadeInUp&quot;,&quot;animation_delay&quot;:300}\">\n\t\t\t<div class=\"elementor-widget-wrap elementor-element-populated\">\n\t\t\t\t\t\t\t\t<div class=\"elementor-element elementor-element-57ef377 elementor-view-default elementor-position-top elementor-vertical-align-top elementor-widget elementor-widget-icon-box\" data-id=\"57ef377\" data-element_type=\"widget\" data-widget_type=\"icon-box.default\">\n\t\t\t\t<div class=\"elementor-widget-container\">\n\t\t\t\t\t<div class=\"elementor-icon-box-wrapper\">\n\t\t\t\t\t\t<div class=\"elementor-icon-box-icon\">\n\t\t\t\t<span class=\"elementor-icon elementor-animation-\" >\n\t\t\t\t<svg aria-hidden=\"true\" class=\"e-font-icon-svg\"><use xlink:href=\"#far-check-square\" \/><\/svg>\t\t\t\t<\/span>\n\t\t\t<\/div>\n\t\t\t\t\t\t<div class=\"elementor-icon-box-content\">\n\t\t\t\t<h3 class=\"elementor-icon-box-title\">\n\t\t\t\t\t<span  >\n\t\t\t\t\t\tIncluye\t\t\t\t\t<\/span>\n\t\t\t\t<\/h3>\n\t\t\t\t\t\t\t\t\t<p class=\"elementor-icon-box-description\">\n\t\t\t\t\t\tTransporte, BBQ, bebidas, snorkeling, gu\u00eda.\t\t\t\t\t<\/p>\n\t\t\t\t\t\t\t<\/div>\n\t\t<\/div>\n\t\t\t\t<\/div>\n\t\t\t\t<\/div>\n\t\t\t\t\t<\/div>\n\t\t<\/div>\n\t\t\t\t\t\t\t<\/div>\n\t\t<\/section>\n\t\t\t\t\t<\/div>\n\t\t<\/div>\n\t\t\t\t\t\t\t<\/div>\n\t\t<\/section>\n\t\t\t\t<section class=\"elementor-section elementor-top-section elementor-element elementor-element-56007ab elementor-section-stretched elementor-section-full_width elementor-section-height-default elementor-section-height-default elementor-invisible\" data-id=\"56007ab\" data-element_type=\"section\" data-settings=\"{&quot;stretch_section&quot;:&quot;section-stretched&quot;,&quot;background_background&quot;:&quot;classic&quot;,&quot;animation&quot;:&quot;fadeInUp&quot;}\">\n\t\t\t\t\t\t\t<div class=\"elementor-background-overlay\"><\/div>\n\t\t\t\t\t\t\t<div class=\"elementor-container elementor-column-gap-no\">\n\t\t\t\t\t<div class=\"elementor-column elementor-col-100 elementor-top-column elementor-element elementor-element-7ef0c86\" data-id=\"7ef0c86\" data-element_type=\"column\">\n\t\t\t<div class=\"elementor-widget-wrap elementor-element-populated\">\n\t\t\t\t\t\t\t\t<div class=\"elementor-element elementor-element-51a5bc6 elementor-widget elementor-widget-gallery\" data-id=\"51a5bc6\" data-element_type=\"widget\" data-settings=\"{&quot;gap&quot;:{&quot;unit&quot;:&quot;px&quot;,&quot;size&quot;:2,&quot;sizes&quot;:[]},&quot;columns_mobile&quot;:2,&quot;lazyload&quot;:&quot;yes&quot;,&quot;gallery_layout&quot;:&quot;grid&quot;,&quot;columns&quot;:4,&quot;columns_tablet&quot;:2,&quot;gap_tablet&quot;:{&quot;unit&quot;:&quot;px&quot;,&quot;size&quot;:10,&quot;sizes&quot;:[]},&quot;gap_mobile&quot;:{&quot;unit&quot;:&quot;px&quot;,&quot;size&quot;:10,&quot;sizes&quot;:[]},&quot;link_to&quot;:&quot;file&quot;,&quot;aspect_ratio&quot;:&quot;3:2&quot;,&quot;overlay_background&quot;:&quot;yes&quot;,&quot;content_hover_animation&quot;:&quot;fade-in&quot;}\" data-widget_type=\"gallery.default\">\n\t\t\t\t<div class=\"elementor-widget-container\">\n\t\t\t\t\t<div class=\"elementor-gallery__container\">\n\t\t\t\t\t\t\t<a class=\"e-gallery-item elementor-gallery-item elementor-animated-content\" href=\"https:\/\/suntrails.proyectoscoralcr.com\/wp-content\/uploads\/2022\/03\/tortuga-island-3-1.jpg\" data-elementor-open-lightbox=\"yes\" data-elementor-lightbox-slideshow=\"all-51a5bc6\" data-elementor-lightbox-title=\"tortuga-island-3\">\n\t\t\t\t\t<div class=\"e-gallery-image elementor-gallery-item__image\" data-thumbnail=\"https:\/\/suntrails.proyectoscoralcr.com\/wp-content\/uploads\/2022\/03\/tortuga-island-3-1.jpg\" data-width=\"800\" data-height=\"500\" alt=\"\" ><\/div>\n\t\t\t\t\t\t\t\t\t\t<div class=\"elementor-gallery-item__overlay\"><\/div>\n\t\t\t\t\t\t\t\t\t\t\t\t\t\t<\/a>\n\t\t\t\t\t\t\t<a class=\"e-gallery-item elementor-gallery-item elementor-animated-content\" href=\"https:\/\/suntrails.proyectoscoralcr.com\/wp-content\/uploads\/2022\/03\/tortuga-island-1.jpg\" data-elementor-open-lightbox=\"yes\" data-elementor-lightbox-slideshow=\"all-51a5bc6\" data-elementor-lightbox-title=\"tortuga-island-1\">\n\t\t\t\t\t<div class=\"e-gallery-image elementor-gallery-item__image\" data-thumbnail=\"https:\/\/suntrails.proyectoscoralcr.com\/wp-content\/uploads\/2022\/03\/tortuga-island-1.jpg\" data-width=\"800\" data-height=\"500\" alt=\"\" ><\/div>\n\t\t\t\t\t\t\t\t\t\t<div class=\"elementor-gallery-item__overlay\"><\/div>\n\t\t\t\t\t\t\t\t\t\t\t\t\t\t<\/a>\n\t\t\t\t\t\t\t<a class=\"e-gallery-item elementor-gallery-item elementor-animated-content\" href=\"https:\/\/suntrails.proyectoscoralcr.com\/wp-content\/uploads\/2022\/03\/tortuga-island-2-1.jpg\" data-elementor-open-lightbox=\"yes\" data-elementor-lightbox-slideshow=\"all-51a5bc6\" data-elementor-lightbox-title=\"tortuga-island-2\">\n\t\t\t\t\t<div class=\"e-gallery-image elementor-gallery-item__image\" data-thumbnail=\"https:\/\/suntrails.proyectoscoralcr.com\/wp-content\/uploads\/2022\/03\/tortuga-island-2-1.jpg\" data-width=\"800\" data-height=\"500\" alt=\"\" ><\/div>\n\t\t\t\t\t\t\t\t\t\t<div class=\"elementor-gallery-item__overlay\"><\/div>\n\t\t\t\t\t\t\t\t\t\t\t\t\t\t<\/a>\n\t\t\t\t\t\t\t<a class=\"e-gallery-item elementor-gallery-item elementor-animated-content\" href=\"https:\/\/suntrails.proyectoscoralcr.com\/wp-content\/uploads\/2022\/03\/tortuga-island.jpg\" data-elementor-open-lightbox=\"yes\" data-elementor-lightbox-slideshow=\"all-51a5bc6\">\n\t\t\t\t\t<div class=\"e-gallery-image elementor-gallery-item__image\" data-thumbnail=\"https:\/\/suntrails.proyectoscoralcr.com\/wp-content\/uploads\/2022\/03\/tortuga-island.jpg\" data-width=\"800\" data-height=\"500\" alt=\"\" ><\/div>\n\t\t\t\t\t\t\t\t\t\t<div class=\"elementor-gallery-item__overlay\"><\/div>\n\t\t\t\t\t\t\t\t\t\t\t\t\t\t<\/a>\n\t\t\t\t\t<\/div>\n\t\t\t<\/div>\n\t\t\t\t<\/div>\n\t\t\t\t<div class=\"elementor-element elementor-element-3a502d0 elementor-align-center elementor-widget elementor-widget-button\" data-id=\"3a502d0\" data-element_type=\"widget\" data-widget_type=\"button.default\">\n\t\t\t\t<div class=\"elementor-widget-container\">\n\t\t\t\t\t<div class=\"elementor-button-wrapper\">\n\t\t\t<a href=\"https:\/\/reservations.orbebooking.com\/Search\/GuestServices\/IXr8c\/33147\/es\" target=\"_blank\" class=\"elementor-button-link elementor-button elementor-size-sm\" role=\"button\">\n\t\t\t\t\t\t<span class=\"elementor-button-content-wrapper\">\n\t\t\t\t\t\t<span class=\"elementor-button-text\">RESERVAR<\/span>\n\t\t<\/span>\n\t\t\t\t\t<\/a>\n\t\t<\/div>\n\t\t\t\t<\/div>\n\t\t\t\t<\/div>\n\t\t\t\t\t<\/div>\n\t\t<\/div>\n\t\t\t\t\t\t\t<\/div>\n\t\t<\/section>\n\t\t\t\t\t\t<\/div>\n\t\t\t\t\t<\/div>\n\t\t","protected":false},"excerpt":{"rendered":"<p>Isla Tortuga La isla m\u00e1s hermosa de Costa Rica. Isla Tortuga est\u00e1 ubicada en el Golfo de Nicoya frente a la Reserva de Vida Silvestre Curu. Para llegar aqu\u00ed, se realiza un impresionante viaje en barco que parte de Tambor, despu\u00e9s de que cada persona haya sido recogida en su hotel. El viaje en bote [&hellip;]<\/p>\n","protected":false},"author":1,"featured_media":0,"parent":0,"menu_order":0,"comment_status":"closed","ping_status":"closed","template":"","meta":[],"acf":[],"_links":{"self":[{"href":"https:\/\/suntrails.proyectoscoralcr.com\/es\/wp-json\/wp\/v2\/pages\/2365"}],"collection":[{"href":"https:\/\/suntrails.proyectoscoralcr.com\/es\/wp-json\/wp\/v2\/pages"}],"about":[{"href":"https:\/\/suntrails.proyectoscoralcr.com\/es\/wp-json\/wp\/v2\/types\/page"}],"author":[{"embeddable":true,"href":"https:\/\/suntrails.proyectoscoralcr.com\/es\/wp-json\/wp\/v2\/users\/1"}],"replies":[{"embeddable":true,"href":"https:\/\/suntrails.proyectoscoralcr.com\/es\/wp-json\/wp\/v2\/comments?post=2365"}],"version-history":[{"count":59,"href":"https:\/\/suntrails.proyectoscoralcr.com\/es\/wp-json\/wp\/v2\/pages\/2365\/revisions"}],"predecessor-version":[{"id":3934,"href":"https:\/\/suntrails.proyectoscoralcr.com\/es\/wp-json\/wp\/v2\/pages\/2365\/revisions\/3934"}],"wp:attachment":[{"href":"https:\/\/suntrails.proyectoscoralcr.com\/es\/wp-json\/wp\/v2\/media?parent=2365"}],"curies":[{"name":"wp","href":"https:\/\/api.w.org\/{rel}","templated":true}]}}